{"id":499,"date":"2023-04-04T12:04:11","date_gmt":"2023-04-04T12:04:11","guid":{"rendered":"http:\/\/localhost\/insureyou\/?page_id=13"},"modified":"2026-02-13T14:20:35","modified_gmt":"2026-02-13T14:20:35","slug":"about-us","status":"publish","type":"page","link":"https:\/\/www.afriassure.com\/en\/about-us\/","title":{"rendered":"A Propos"},"content":{"rendered":"<div data-elementor-type=\"wp-page\" data-elementor-id=\"499\" class=\"elementor elementor-499\" data-elementor-settings=\"{&quot;element_pack_global_tooltip_width&quot;:{&quot;unit&quot;:&quot;px&quot;,&quot;size&quot;:&quot;&quot;,&quot;sizes&quot;:[]},&quot;element_pack_global_tooltip_width_tablet&quot;:{&quot;unit&quot;:&quot;px&quot;,&quot;size&quot;:&quot;&quot;,&quot;sizes&quot;:[]},&quot;element_pack_global_tooltip_width_mobile&quot;:{&quot;unit&quot;:&quot;px&quot;,&quot;size&quot;:&quot;&quot;,&quot;sizes&quot;:[]},&quot;element_pack_global_tooltip_padding&quot;:{&quot;unit&quot;:&quot;px&quot;,&quot;top&quot;:&quot;&quot;,&quot;right&quot;:&quot;&quot;,&quot;bottom&quot;:&quot;&quot;,&quot;left&quot;:&quot;&quot;,&quot;isLinked&quot;:true},&quot;element_pack_global_tooltip_padding_tablet&quot;:{&quot;unit&quot;:&quot;px&quot;,&quot;top&quot;:&quot;&quot;,&quot;right&quot;:&quot;&quot;,&quot;bottom&quot;:&quot;&quot;,&quot;left&quot;:&quot;&quot;,&quot;isLinked&quot;:true},&quot;element_pack_global_tooltip_padding_mobile&quot;:{&quot;unit&quot;:&quot;px&quot;,&quot;top&quot;:&quot;&quot;,&quot;right&quot;:&quot;&quot;,&quot;bottom&quot;:&quot;&quot;,&quot;left&quot;:&quot;&quot;,&quot;isLinked&quot;:true},&quot;element_pack_global_tooltip_border_radius&quot;:{&quot;unit&quot;:&quot;px&quot;,&quot;top&quot;:&quot;&quot;,&quot;right&quot;:&quot;&quot;,&quot;bottom&quot;:&quot;&quot;,&quot;left&quot;:&quot;&quot;,&quot;isLinked&quot;:true},&quot;element_pack_global_tooltip_border_radius_tablet&quot;:{&quot;unit&quot;:&quot;px&quot;,&quot;top&quot;:&quot;&quot;,&quot;right&quot;:&quot;&quot;,&quot;bottom&quot;:&quot;&quot;,&quot;left&quot;:&quot;&quot;,&quot;isLinked&quot;:true},&quot;element_pack_global_tooltip_border_radius_mobile&quot;:{&quot;unit&quot;:&quot;px&quot;,&quot;top&quot;:&quot;&quot;,&quot;right&quot;:&quot;&quot;,&quot;bottom&quot;:&quot;&quot;,&quot;left&quot;:&quot;&quot;,&quot;isLinked&quot;:true}}\">\n\t\t\t\t<div class=\"elementor-element elementor-element-3c7a633 e-flex e-con-boxed e-con e-parent\" data-id=\"3c7a633\" data-element_type=\"container\" data-e-type=\"container\">\n\t\t\t\t\t<div class=\"e-con-inner\">\n\t\t\t\t<div class=\"elementor-element elementor-element-8288070 elementor-widget elementor-widget-html\" data-id=\"8288070\" data-element_type=\"widget\" data-e-type=\"widget\" data-widget_type=\"html.default\">\n\t\t\t\t\t<div class=\"afriassure-about-section\" style=\"padding: 60px 20px; background-color: #f9f9f9; font-family: 'Segoe UI', Tahoma, Geneva, Verdana, sans-serif; color: #333;\">\r\n  <div class=\"container\" style=\"max-width: 1200px; margin: 0 auto;\">\r\n    <div class=\"about-header\" style=\"text-align: center; margin-bottom: 40px;\">\r\n      <h2 style=\"font-size: 36px; color: #2c3e50;\">\u00c0 propos d\u2019AFRIASSURE<\/h2>\r\n      <p style=\"font-size: 18px; color: #7f8c8d;\">Votre partenaire de confiance en assurance au Cameroun<\/p>\r\n    <\/div>\r\n    <div class=\"about-content\" style=\"display: flex; flex-wrap: wrap; gap: 40px;\">\r\n      <div class=\"about-text\" style=\"flex: 1; min-width: 300px;\">\r\n        <p style=\"font-size: 16px; line-height: 1.6;\">\r\n          Fond\u00e9e en 2008, <strong>AFRIASSURE<\/strong> est une soci\u00e9t\u00e9 anonyme sp\u00e9cialis\u00e9e dans le courtage et le conseil en assurances. En tant que membre du groupe <strong>Afrigroupe Holding S.A.<\/strong>, nous offrons des solutions personnalis\u00e9es couvrant divers domaines tels que la sant\u00e9, l'automobile, les biens, la responsabilit\u00e9 civile, la retraite et les voyages.\r\n        <\/p>\r\n        <p style=\"font-size: 16px; line-height: 1.6;\">\r\n          Notre mission est de vous accompagner dans la gestion de vos risques en vous proposant des produits adapt\u00e9s \u00e0 vos besoins sp\u00e9cifiques. Gr\u00e2ce \u00e0 notre expertise et \u00e0 notre r\u00e9seau d'agences \u00e0 Douala, Yaound\u00e9 et Ngaound\u00e9r\u00e9, nous sommes toujours \u00e0 proximit\u00e9 pour vous servir.\r\n        <\/p>\r\n        <p style=\"font-size: 16px; line-height: 1.6;\">\r\n          Chez AFRIASSURE, nous croyons en une approche humaine et transparente, pla\u00e7ant vos int\u00e9r\u00eats au c\u0153ur de nos pr\u00e9occupations.\r\n        <\/p>\r\n      <\/div>\r\n      <div class=\"about-image\" style=\"flex: 1; min-width: 300px;\">\r\n        <img decoding=\"async\" src=\"https:\/\/www.afriassure.com\/wp-content\/uploads\/2023\/01\/afriassure-office.jpg\" alt=\"Bureau AFRIASSURE\" style=\"width: 100%; border-radius: 8px;\">\r\n      <\/div>\r\n    <\/div>\r\n    <div class=\"about-cta\" style=\"text-align: center; margin-top: 40px;\">\r\n      <a href=\"https:\/\/www.afriassure.com\/en\/contact\/\" style=\"display: inline-block; padding: 12px 24px; background-color: #2980b9; color: #fff; text-decoration: none; border-radius: 4px; font-size: 16px;\">Contactez-nous<\/a>\r\n    <\/div>\r\n  <\/div>\r\n<\/div>\r\n\t\t\t\t<\/div>\n\t\t\t\t\t<\/div>\n\t\t\t\t<\/div>\n\t\t\t\t<section class=\"elementor-section elementor-top-section elementor-element elementor-element-1c35784 elementor-section-full_width elementor-section-height-default elementor-section-height-default\" data-id=\"1c35784\" data-element_type=\"section\" data-e-type=\"section\">\n\t\t\t\t\t\t<div class=\"elementor-container elementor-column-gap-no\">\n\t\t\t\t\t<div class=\"elementor-column elementor-col-100 elementor-top-column elementor-element elementor-element-8ad1706\" data-id=\"8ad1706\" data-element_type=\"column\" data-e-type=\"column\">\n\t\t\t<div class=\"elementor-widget-wrap\">\n\t\t\t\t\t\t\t<\/div>\n\t\t<\/div>\n\t\t\t\t\t<\/div>\n\t\t<\/section>\n\t\t\t\t<section class=\"elementor-section elementor-top-section elementor-element elementor-element-575a93c elementor-section-full_width elementor-section-height-default elementor-section-height-default\" data-id=\"575a93c\" data-element_type=\"section\" data-e-type=\"section\">\n\t\t\t\t\t\t<div class=\"elementor-container elementor-column-gap-no\">\n\t\t\t\t\t<div class=\"elementor-column elementor-col-100 elementor-top-column elementor-element elementor-element-51f854d\" data-id=\"51f854d\" data-element_type=\"column\" data-e-type=\"column\">\n\t\t\t<div class=\"elementor-widget-wrap\">\n\t\t\t\t\t\t\t<\/div>\n\t\t<\/div>\n\t\t\t\t\t<\/div>\n\t\t<\/section>\n\t\t\t\t<section class=\"elementor-section elementor-top-section elementor-element elementor-element-7273b08 elementor-section-full_width counter-area2 elementor-section-height-default elementor-section-height-default\" data-id=\"7273b08\" data-element_type=\"section\" data-e-type=\"section\">\n\t\t\t\t\t\t<div class=\"elementor-container elementor-column-gap-no\">\n\t\t\t\t\t<div class=\"elementor-column elementor-col-100 elementor-top-column elementor-element elementor-element-20f6517\" data-id=\"20f6517\" data-element_type=\"column\" data-e-type=\"column\">\n\t\t\t<div class=\"elementor-widget-wrap\">\n\t\t\t\t\t\t\t<\/div>\n\t\t<\/div>\n\t\t\t\t\t<\/div>\n\t\t<\/section>\n\t\t\t\t<section class=\"elementor-section elementor-top-section elementor-element elementor-element-1faf4ea elementor-section-full_width  pt-50 elementor-section-height-default elementor-section-height-default\" data-id=\"1faf4ea\" data-element_type=\"section\" data-e-type=\"section\" data-settings=\"{&quot;background_background&quot;:&quot;classic&quot;}\">\n\t\t\t\t\t\t<div class=\"elementor-container elementor-column-gap-no\">\n\t\t\t\t\t<div class=\"elementor-column elementor-col-100 elementor-top-column elementor-element elementor-element-26bb591\" data-id=\"26bb591\" data-element_type=\"column\" data-e-type=\"column\">\n\t\t\t<div class=\"elementor-widget-wrap\">\n\t\t\t\t\t\t\t<\/div>\n\t\t<\/div>\n\t\t\t\t\t<\/div>\n\t\t<\/section>\n\t\t\t\t<section class=\"elementor-section elementor-top-section elementor-element elementor-element-b30b484 elementor-section-full_width elementor-section-height-default elementor-section-height-default\" data-id=\"b30b484\" data-element_type=\"section\" data-e-type=\"section\">\n\t\t\t\t\t\t<div class=\"elementor-container elementor-column-gap-no\">\n\t\t\t\t\t<div class=\"elementor-column elementor-col-100 elementor-top-column elementor-element elementor-element-6132ee1\" data-id=\"6132ee1\" data-element_type=\"column\" data-e-type=\"column\">\n\t\t\t<div class=\"elementor-widget-wrap\">\n\t\t\t\t\t\t\t<\/div>\n\t\t<\/div>\n\t\t\t\t\t<\/div>\n\t\t<\/section>\n\t\t\t\t<section class=\"elementor-section elementor-top-section elementor-element elementor-element-d981219 elementor-section-full_width elementor-section-height-default elementor-section-height-default\" data-id=\"d981219\" data-element_type=\"section\" data-e-type=\"section\">\n\t\t\t\t\t\t<div class=\"elementor-container elementor-column-gap-no\">\n\t\t\t\t\t<div class=\"elementor-column elementor-col-100 elementor-top-column elementor-element elementor-element-608958a\" data-id=\"608958a\" data-element_type=\"column\" data-e-type=\"column\">\n\t\t\t<div class=\"elementor-widget-wrap\">\n\t\t\t\t\t\t\t<\/div>\n\t\t<\/div>\n\t\t\t\t\t<\/div>\n\t\t<\/section>\n\t\t\t\t<section class=\"elementor-section elementor-top-section elementor-element elementor-element-66d77f9 elementor-section-full_width elementor-section-height-default elementor-section-height-default\" data-id=\"66d77f9\" data-element_type=\"section\" data-e-type=\"section\">\n\t\t\t\t\t\t<div class=\"elementor-container elementor-column-gap-no\">\n\t\t\t\t\t<div class=\"elementor-column elementor-col-100 elementor-top-column elementor-element elementor-element-0151f26\" data-id=\"0151f26\" data-element_type=\"column\" data-e-type=\"column\">\n\t\t\t<div class=\"elementor-widget-wrap\">\n\t\t\t\t\t\t\t<\/div>\n\t\t<\/div>\n\t\t\t\t\t<\/div>\n\t\t<\/section>\n\t\t\t\t<\/div>","protected":false},"excerpt":{"rendered":"<p>\u00c0 propos d\u2019AFRIASSURE Votre partenaire de confiance en assurance au Cameroun Fond\u00e9e en 2008, AFRIASSURE est une soci\u00e9t\u00e9 anonyme sp\u00e9cialis\u00e9e dans le [&hellip;]<\/p>\n","protected":false},"author":1,"featured_media":0,"parent":0,"menu_order":0,"comment_status":"closed","ping_status":"closed","template":"","meta":{"content-type":"","pagelayer_contact_templates":[],"_pagelayer_content":"","postBodyCss":"","postBodyMargin":[],"postBodyPadding":[],"postBodyBackground":{"backgroundType":"classic","gradient":""},"footnotes":""},"class_list":["post-499","page","type-page","status-publish","hentry"],"yoast_head":"<!-- This site is optimized with the Yoast SEO plugin v26.9 - https:\/\/yoast.com\/product\/yoast-seo-wordpress\/ -->\n<title>A Propos - Afriassure<\/title>\n<meta name=\"description\" content=\"Choisissez Afriassure pour une assurance humaine et transparente. Nous sommes l\u00e0 pour vous servir \u00e0 Douala, Yaound\u00e9 et Ngaound\u00e9r\u00e9.\" \/>\n<meta name=\"robots\" content=\"index, follow, max-snippet:-1, max-image-preview:large, max-video-preview:-1\" \/>\n<link rel=\"canonical\" href=\"https:\/\/www.afriassure.com\/en\/about-us\/\" \/>\n<meta property=\"og:locale\" content=\"en_US\" \/>\n<meta property=\"og:type\" content=\"article\" \/>\n<meta property=\"og:title\" content=\"A Propos - Afriassure\" \/>\n<meta property=\"og:description\" content=\"Choisissez Afriassure pour une assurance humaine et transparente. Nous sommes l\u00e0 pour vous servir \u00e0 Douala, Yaound\u00e9 et Ngaound\u00e9r\u00e9.\" \/>\n<meta property=\"og:url\" content=\"https:\/\/www.afriassure.com\/en\/about-us\/\" \/>\n<meta property=\"og:site_name\" content=\"Afriassure\" \/>\n<meta property=\"article:publisher\" content=\"https:\/\/web.facebook.com\/AssuancePourTous\/\" \/>\n<meta property=\"article:modified_time\" content=\"2026-02-13T14:20:35+00:00\" \/>\n<meta property=\"og:image\" content=\"https:\/\/www.afriassure.com\/wp-content\/uploads\/2023\/01\/afriassure-office.jpg\" \/>\n<meta name=\"twitter:card\" content=\"summary_large_image\" \/>\n<meta name=\"twitter:label1\" content=\"Est. reading time\" \/>\n\t<meta name=\"twitter:data1\" content=\"1 minute\" \/>\n<script type=\"application\/ld+json\" class=\"yoast-schema-graph\">{\"@context\":\"https:\/\/schema.org\",\"@graph\":[{\"@type\":\"WebPage\",\"@id\":\"https:\/\/www.afriassure.com\/about-us\/\",\"url\":\"https:\/\/www.afriassure.com\/about-us\/\",\"name\":\"A Propos - Afriassure\",\"isPartOf\":{\"@id\":\"https:\/\/www.afriassure.com\/#website\"},\"primaryImageOfPage\":{\"@id\":\"https:\/\/www.afriassure.com\/about-us\/#primaryimage\"},\"image\":{\"@id\":\"https:\/\/www.afriassure.com\/about-us\/#primaryimage\"},\"thumbnailUrl\":\"https:\/\/www.afriassure.com\/wp-content\/uploads\/2023\/01\/afriassure-office.jpg\",\"datePublished\":\"2023-04-04T12:04:11+00:00\",\"dateModified\":\"2026-02-13T14:20:35+00:00\",\"description\":\"Choisissez Afriassure pour une assurance humaine et transparente. Nous sommes l\u00e0 pour vous servir \u00e0 Douala, Yaound\u00e9 et Ngaound\u00e9r\u00e9.\",\"breadcrumb\":{\"@id\":\"https:\/\/www.afriassure.com\/about-us\/#breadcrumb\"},\"inLanguage\":\"en-US\",\"potentialAction\":[{\"@type\":\"ReadAction\",\"target\":[\"https:\/\/www.afriassure.com\/about-us\/\"]}]},{\"@type\":\"ImageObject\",\"inLanguage\":\"en-US\",\"@id\":\"https:\/\/www.afriassure.com\/about-us\/#primaryimage\",\"url\":\"https:\/\/www.afriassure.com\/wp-content\/uploads\/2023\/01\/afriassure-office.jpg\",\"contentUrl\":\"https:\/\/www.afriassure.com\/wp-content\/uploads\/2023\/01\/afriassure-office.jpg\"},{\"@type\":\"BreadcrumbList\",\"@id\":\"https:\/\/www.afriassure.com\/about-us\/#breadcrumb\",\"itemListElement\":[{\"@type\":\"ListItem\",\"position\":1,\"name\":\"Accueil\",\"item\":\"https:\/\/www.afriassure.com\/\"},{\"@type\":\"ListItem\",\"position\":2,\"name\":\"A Propos\"}]},{\"@type\":\"WebSite\",\"@id\":\"https:\/\/www.afriassure.com\/#website\",\"url\":\"https:\/\/www.afriassure.com\/\",\"name\":\"Afriassure\",\"description\":\"assurance, Cameroun\",\"publisher\":{\"@id\":\"https:\/\/www.afriassure.com\/#organization\"},\"potentialAction\":[{\"@type\":\"SearchAction\",\"target\":{\"@type\":\"EntryPoint\",\"urlTemplate\":\"https:\/\/www.afriassure.com\/?s={search_term_string}\"},\"query-input\":{\"@type\":\"PropertyValueSpecification\",\"valueRequired\":true,\"valueName\":\"search_term_string\"}}],\"inLanguage\":\"en-US\"},{\"@type\":\"Organization\",\"@id\":\"https:\/\/www.afriassure.com\/#organization\",\"name\":\"Afriassure\",\"url\":\"https:\/\/www.afriassure.com\/\",\"logo\":{\"@type\":\"ImageObject\",\"inLanguage\":\"en-US\",\"@id\":\"https:\/\/www.afriassure.com\/#\/schema\/logo\/image\/\",\"url\":\"https:\/\/www.afriassure.com\/wp-content\/uploads\/2025\/05\/cropped-logo-afri_page-0001.png\",\"contentUrl\":\"https:\/\/www.afriassure.com\/wp-content\/uploads\/2025\/05\/cropped-logo-afri_page-0001.png\",\"width\":1813,\"height\":1809,\"caption\":\"Afriassure\"},\"image\":{\"@id\":\"https:\/\/www.afriassure.com\/#\/schema\/logo\/image\/\"},\"sameAs\":[\"https:\/\/web.facebook.com\/AssuancePourTous\/\",\"https:\/\/www.instagram.com\/afriassure\",\"https:\/\/www.linkedin.com\/company\/afriassure\/\",\"https:\/\/wa.me\/237698484848\"]}]}<\/script>\n<!-- \/ Yoast SEO plugin. -->","yoast_head_json":{"title":"A Propos - Afriassure","description":"Choisissez Afriassure pour une assurance humaine et transparente. Nous sommes l\u00e0 pour vous servir \u00e0 Douala, Yaound\u00e9 et Ngaound\u00e9r\u00e9.","robots":{"index":"index","follow":"follow","max-snippet":"max-snippet:-1","max-image-preview":"max-image-preview:large","max-video-preview":"max-video-preview:-1"},"canonical":"https:\/\/www.afriassure.com\/en\/about-us\/","og_locale":"en_US","og_type":"article","og_title":"A Propos - Afriassure","og_description":"Choisissez Afriassure pour une assurance humaine et transparente. Nous sommes l\u00e0 pour vous servir \u00e0 Douala, Yaound\u00e9 et Ngaound\u00e9r\u00e9.","og_url":"https:\/\/www.afriassure.com\/en\/about-us\/","og_site_name":"Afriassure","article_publisher":"https:\/\/web.facebook.com\/AssuancePourTous\/","article_modified_time":"2026-02-13T14:20:35+00:00","og_image":[{"url":"https:\/\/www.afriassure.com\/wp-content\/uploads\/2023\/01\/afriassure-office.jpg","type":"","width":"","height":""}],"twitter_card":"summary_large_image","twitter_misc":{"Est. reading time":"1 minute"},"schema":{"@context":"https:\/\/schema.org","@graph":[{"@type":"WebPage","@id":"https:\/\/www.afriassure.com\/about-us\/","url":"https:\/\/www.afriassure.com\/about-us\/","name":"A Propos - Afriassure","isPartOf":{"@id":"https:\/\/www.afriassure.com\/#website"},"primaryImageOfPage":{"@id":"https:\/\/www.afriassure.com\/about-us\/#primaryimage"},"image":{"@id":"https:\/\/www.afriassure.com\/about-us\/#primaryimage"},"thumbnailUrl":"https:\/\/www.afriassure.com\/wp-content\/uploads\/2023\/01\/afriassure-office.jpg","datePublished":"2023-04-04T12:04:11+00:00","dateModified":"2026-02-13T14:20:35+00:00","description":"Choisissez Afriassure pour une assurance humaine et transparente. Nous sommes l\u00e0 pour vous servir \u00e0 Douala, Yaound\u00e9 et Ngaound\u00e9r\u00e9.","breadcrumb":{"@id":"https:\/\/www.afriassure.com\/about-us\/#breadcrumb"},"inLanguage":"en-US","potentialAction":[{"@type":"ReadAction","target":["https:\/\/www.afriassure.com\/about-us\/"]}]},{"@type":"ImageObject","inLanguage":"en-US","@id":"https:\/\/www.afriassure.com\/about-us\/#primaryimage","url":"https:\/\/www.afriassure.com\/wp-content\/uploads\/2023\/01\/afriassure-office.jpg","contentUrl":"https:\/\/www.afriassure.com\/wp-content\/uploads\/2023\/01\/afriassure-office.jpg"},{"@type":"BreadcrumbList","@id":"https:\/\/www.afriassure.com\/about-us\/#breadcrumb","itemListElement":[{"@type":"ListItem","position":1,"name":"Accueil","item":"https:\/\/www.afriassure.com\/"},{"@type":"ListItem","position":2,"name":"A Propos"}]},{"@type":"WebSite","@id":"https:\/\/www.afriassure.com\/#website","url":"https:\/\/www.afriassure.com\/","name":"Afriassure","description":"assurance, Cameroun","publisher":{"@id":"https:\/\/www.afriassure.com\/#organization"},"potentialAction":[{"@type":"SearchAction","target":{"@type":"EntryPoint","urlTemplate":"https:\/\/www.afriassure.com\/?s={search_term_string}"},"query-input":{"@type":"PropertyValueSpecification","valueRequired":true,"valueName":"search_term_string"}}],"inLanguage":"en-US"},{"@type":"Organization","@id":"https:\/\/www.afriassure.com\/#organization","name":"Afriassure","url":"https:\/\/www.afriassure.com\/","logo":{"@type":"ImageObject","inLanguage":"en-US","@id":"https:\/\/www.afriassure.com\/#\/schema\/logo\/image\/","url":"https:\/\/www.afriassure.com\/wp-content\/uploads\/2025\/05\/cropped-logo-afri_page-0001.png","contentUrl":"https:\/\/www.afriassure.com\/wp-content\/uploads\/2025\/05\/cropped-logo-afri_page-0001.png","width":1813,"height":1809,"caption":"Afriassure"},"image":{"@id":"https:\/\/www.afriassure.com\/#\/schema\/logo\/image\/"},"sameAs":["https:\/\/web.facebook.com\/AssuancePourTous\/","https:\/\/www.instagram.com\/afriassure","https:\/\/www.linkedin.com\/company\/afriassure\/","https:\/\/wa.me\/237698484848"]}]}},"_links":{"self":[{"href":"https:\/\/www.afriassure.com\/en\/wp-json\/wp\/v2\/pages\/499","targetHints":{"allow":["GET"]}}],"collection":[{"href":"https:\/\/www.afriassure.com\/en\/wp-json\/wp\/v2\/pages"}],"about":[{"href":"https:\/\/www.afriassure.com\/en\/wp-json\/wp\/v2\/types\/page"}],"author":[{"embeddable":true,"href":"https:\/\/www.afriassure.com\/en\/wp-json\/wp\/v2\/users\/1"}],"replies":[{"embeddable":true,"href":"https:\/\/www.afriassure.com\/en\/wp-json\/wp\/v2\/comments?post=499"}],"version-history":[{"count":11,"href":"https:\/\/www.afriassure.com\/en\/wp-json\/wp\/v2\/pages\/499\/revisions"}],"predecessor-version":[{"id":11228,"href":"https:\/\/www.afriassure.com\/en\/wp-json\/wp\/v2\/pages\/499\/revisions\/11228"}],"wp:attachment":[{"href":"https:\/\/www.afriassure.com\/en\/wp-json\/wp\/v2\/media?parent=499"}],"curies":[{"name":"wp","href":"https:\/\/api.w.org\/{rel}","templated":true}]}}