{"id":1959,"date":"2025-08-28T12:03:20","date_gmt":"2025-08-28T12:03:20","guid":{"rendered":"https:\/\/www.afriassure.com\/?page_id=1959"},"modified":"2025-08-28T12:14:48","modified_gmt":"2025-08-28T12:14:48","slug":"login-2","status":"publish","type":"page","link":"https:\/\/www.afriassure.com\/en\/login-2\/","title":{"rendered":"Login"},"content":{"rendered":"\t\t<div data-elementor-type=\"wp-page\" data-elementor-id=\"1959\" class=\"elementor elementor-1959\" data-elementor-settings=\"{&quot;element_pack_global_tooltip_width&quot;:{&quot;unit&quot;:&quot;px&quot;,&quot;size&quot;:&quot;&quot;,&quot;sizes&quot;:[]},&quot;element_pack_global_tooltip_width_tablet&quot;:{&quot;unit&quot;:&quot;px&quot;,&quot;size&quot;:&quot;&quot;,&quot;sizes&quot;:[]},&quot;element_pack_global_tooltip_width_mobile&quot;:{&quot;unit&quot;:&quot;px&quot;,&quot;size&quot;:&quot;&quot;,&quot;sizes&quot;:[]},&quot;element_pack_global_tooltip_padding&quot;:{&quot;unit&quot;:&quot;px&quot;,&quot;top&quot;:&quot;&quot;,&quot;right&quot;:&quot;&quot;,&quot;bottom&quot;:&quot;&quot;,&quot;left&quot;:&quot;&quot;,&quot;isLinked&quot;:true},&quot;element_pack_global_tooltip_padding_tablet&quot;:{&quot;unit&quot;:&quot;px&quot;,&quot;top&quot;:&quot;&quot;,&quot;right&quot;:&quot;&quot;,&quot;bottom&quot;:&quot;&quot;,&quot;left&quot;:&quot;&quot;,&quot;isLinked&quot;:true},&quot;element_pack_global_tooltip_padding_mobile&quot;:{&quot;unit&quot;:&quot;px&quot;,&quot;top&quot;:&quot;&quot;,&quot;right&quot;:&quot;&quot;,&quot;bottom&quot;:&quot;&quot;,&quot;left&quot;:&quot;&quot;,&quot;isLinked&quot;:true},&quot;element_pack_global_tooltip_border_radius&quot;:{&quot;unit&quot;:&quot;px&quot;,&quot;top&quot;:&quot;&quot;,&quot;right&quot;:&quot;&quot;,&quot;bottom&quot;:&quot;&quot;,&quot;left&quot;:&quot;&quot;,&quot;isLinked&quot;:true},&quot;element_pack_global_tooltip_border_radius_tablet&quot;:{&quot;unit&quot;:&quot;px&quot;,&quot;top&quot;:&quot;&quot;,&quot;right&quot;:&quot;&quot;,&quot;bottom&quot;:&quot;&quot;,&quot;left&quot;:&quot;&quot;,&quot;isLinked&quot;:true},&quot;element_pack_global_tooltip_border_radius_mobile&quot;:{&quot;unit&quot;:&quot;px&quot;,&quot;top&quot;:&quot;&quot;,&quot;right&quot;:&quot;&quot;,&quot;bottom&quot;:&quot;&quot;,&quot;left&quot;:&quot;&quot;,&quot;isLinked&quot;:true}}\">\n\t\t\t\t<div class=\"elementor-element elementor-element-230d9e7 e-flex e-con-boxed e-con e-parent\" data-id=\"230d9e7\" data-element_type=\"container\" data-e-type=\"container\">\n\t\t\t\t\t<div class=\"e-con-inner\">\n\t\t\t\t<div class=\"elementor-element elementor-element-55385ad elementor-widget elementor-widget-html\" data-id=\"55385ad\" data-element_type=\"widget\" data-e-type=\"widget\" data-widget_type=\"html.default\">\n\t\t\t\t\t<!DOCTYPE html>\r\n<html lang=\"fr\">\r\n<head>\r\n    <meta charset=\"UTF-8\">\r\n    <meta name=\"viewport\" content=\"width=device-width, initial-scale=1.0\">\r\n    <title>Espace Client - Afriassure<\/title>\r\n    <script src=\"https:\/\/cdn.tailwindcss.com\"><\/script>\r\n    <link rel=\"stylesheet\" href=\"https:\/\/cdnjs.cloudflare.com\/ajax\/libs\/font-awesome\/6.4.0\/css\/all.min.css\">\r\n    <style>\r\n        .bg-afriassure {\r\n            background-color: #0056b3;\r\n        }\r\n        .text-afriassure {\r\n            color: #0056b3;\r\n        }\r\n        .border-afriassure {\r\n            border-color: #0056b3;\r\n        }\r\n        .btn-afriassure {\r\n            background-color: #0056b3;\r\n            color: white;\r\n        }\r\n        .btn-afriassure:hover {\r\n            background-color: #003d7a;\r\n        }\r\n        .forgot-password:hover {\r\n            color: #003d7a;\r\n        }\r\n        .input-focus:focus {\r\n            border-color: #0056b3;\r\n            box-shadow: 0 0 0 3px rgba(0, 86, 179, 0.2);\r\n        }\r\n    <\/style>\r\n<\/head>\r\n<div class=\"flex justify-center items-center w-full min-h-screen\">\r\n    <div class=\"w-full max-w-md mx-4\">\r\n        <div class=\"bg-white rounded-lg shadow-xl overflow-hidden\">\r\n            <!-- Header with Logo -->\r\n            <div class=\"bg-afriassure p-6 text-center flex flex-col items-center\">\r\n                <div class=\"w-full flex justify-center\">\r\n  <img decoding=\"async\" src=\"https:\/\/www.afriassure.com\/wp-content\/uploads\/2025\/06\/logo.png\" \r\n       alt=\"Afriassure Logo\" \r\n       class=\"!w-[100px] !h-auto\">\r\n<\/div>\r\n\r\n                <h1 class=\"text-white text-2xl font-bold mt-4\">Espace Client<\/h1>\r\n                <p class=\"text-white opacity-90 mt-2\">Acc\u00e9dez \u00e0 vos contrats et d\u00e9clarez vos sinistres<\/p>\r\n            <\/div>\r\n            \r\n            <!-- Login Form -->\r\n            <div class=\"p-6\">\r\n                <form id=\"loginForm\">\r\n                    <!-- Email Input -->\r\n                    <div class=\"mb-4\">\r\n                        <label for=\"email\" class=\"block text-gray-700 text-sm font-medium mb-2\">Adresse Email<\/label>\r\n                        <div class=\"relative\">\r\n                            <div class=\"absolute inset-y-0 left-0 pl-3 flex items-center pointer-events-none\">\r\n                                <i class=\"fas fa-envelope text-gray-400\"><\/i>\r\n                            <\/div>\r\n                            <input type=\"email\" id=\"email\" name=\"email\" \r\n                                   class=\"input-focus w-full pl-10 pr-3 py-2 border border-gray-300 rounded-md focus:outline-none transition duration-150\" \r\n                                   placeholder=\"votre@email.com\" required>\r\n                        <\/div>\r\n                    <\/div>\r\n                    \r\n                    <!-- Password Input -->\r\n                    <div class=\"mb-4\">\r\n                        <label for=\"password\" class=\"block text-gray-700 text-sm font-medium mb-2\">Mot de passe<\/label>\r\n                        <div class=\"relative\">\r\n                            <div class=\"absolute inset-y-0 left-0 pl-3 flex items-center pointer-events-none\">\r\n                                <i class=\"fas fa-lock text-gray-400\"><\/i>\r\n                            <\/div>\r\n                            <input type=\"password\" id=\"password\" name=\"password\" \r\n                                   class=\"input-focus w-full pl-10 pr-3 py-2 border border-gray-300 rounded-md focus:outline-none transition duration-150\" \r\n                                   placeholder=\"\u2022\u2022\u2022\u2022\u2022\u2022\u2022\u2022\" required>\r\n                            <div class=\"absolute inset-y-0 right-0 pr-3 flex items-center\">\r\n                                <button type=\"button\" id=\"togglePassword\" class=\"text-gray-400 hover:text-gray-600 focus:outline-none\">\r\n                                    <i class=\"fas fa-eye\"><\/i>\r\n                                <\/button>\r\n                            <\/div>\r\n                        <\/div>\r\n                    <\/div>\r\n                    \r\n                    <!-- Remember Me & Forgot Password -->\r\n                    <div class=\"flex items-center justify-between mb-6\">\r\n                        <div class=\"flex items-center\">\r\n                            <input id=\"remember\" name=\"remember\" type=\"checkbox\" class=\"h-4 w-4 text-afriassure focus:ring-afriassure border-gray-300 rounded\">\r\n                            <label for=\"remember\" class=\"ml-2 block text-sm text-gray-700\">Se souvenir de moi<\/label>\r\n                        <\/div>\r\n                        <div>\r\n                            <a href=\"#\" class=\"text-sm forgot-password text-afriassure font-medium hover:underline\">Mot de passe oubli\u00e9?<\/a>\r\n                        <\/div>\r\n                    <\/div>\r\n                    \r\n                    <!-- Submit Button -->\r\n                    <button type=\"submit\" class=\"btn-afriassure w-full py-2 px-4 rounded-md font-medium text-white focus:outline-none focus:ring-2 focus:ring-offset-2 focus:ring-afriassure transition duration-150\">\r\n                        Se connecter\r\n                    <\/button>\r\n                <\/form>\r\n                \r\n                <!-- Register Link -->\r\n                <div class=\"mt-6 text-center\">\r\n                    <p class=\"text-gray-600 text-sm\">Vous n'avez pas de compte? \r\n                        <a href=\"#\" class=\"text-afriassure font-medium hover:underline\">Cr\u00e9er un compte<\/a>\r\n                    <\/p>\r\n                <\/div>\r\n                \r\n                <!-- Social Login -->\r\n                <div class=\"mt-6\">\r\n                    <div class=\"relative\">\r\n                        <div class=\"absolute inset-0 flex items-center\">\r\n                            <div class=\"w-full border-t border-gray-300\"><\/div>\r\n                        <\/div>\r\n                        <div class=\"relative flex justify-center text-sm\">\r\n                            <span class=\"px-2 bg-white text-gray-500\">Ou connectez-vous avec<\/span>\r\n                        <\/div>\r\n                    <\/div>\r\n                    \r\n                    <div class=\"mt-6 grid grid-cols-2 gap-3\">\r\n                        <button type=\"button\" class=\"w-full inline-flex justify-center py-2 px-4 border border-gray-300 rounded-md shadow-sm bg-white text-sm font-medium text-gray-700 hover:bg-gray-50 focus:outline-none focus:ring-2 focus:ring-offset-2 focus:ring-afriassure\">\r\n                            <i class=\"fab fa-google text-red-500 mr-2\"><\/i> Google\r\n                        <\/button>\r\n                        <button type=\"button\" class=\"w-full inline-flex justify-center py-2 px-4 border border-gray-300 rounded-md shadow-sm bg-white text-sm font-medium text-gray-700 hover:bg-gray-50 focus:outline-none focus:ring-2 focus:ring-offset-2 focus:ring-afriassure\">\r\n                            <i class=\"fab fa-facebook-f text-blue-600 mr-2\"><\/i> Facebook\r\n                        <\/button>\r\n                    <\/div>\r\n                <\/div>\r\n            <\/div>\r\n        <\/div>\r\n    <\/div>\r\n\r\n    <script>\r\n        \/\/ Toggle password visibility\r\n        document.getElementById('togglePassword').addEventListener('click', function() {\r\n            const passwordInput = document.getElementById('password');\r\n            const icon = this.querySelector('i');\r\n            \r\n            if (passwordInput.type === 'password') {\r\n                passwordInput.type = 'text';\r\n                icon.classList.replace('fa-eye', 'fa-eye-slash');\r\n            } else {\r\n                passwordInput.type = 'password';\r\n                icon.classList.replace('fa-eye-slash', 'fa-eye');\r\n            }\r\n        });\r\n        \r\n        \/\/ Form submission\r\n        document.getElementById('loginForm').addEventListener('submit', function(e) {\r\n            e.preventDefault();\r\n            \r\n            \/\/ Here you would typically send the data to your server\r\n            const email = document.getElementById('email').value;\r\n            const password = document.getElementById('password').value;\r\n            const remember = document.getElementById('remember').checked;\r\n            \r\n            \/\/ Simple validation\r\n            if (!email || !password) {\r\n                alert('Veuillez remplir tous les champs');\r\n                return;\r\n            }\r\n            \r\n            \/\/ Simulate login (replace with actual API call)\r\n            console.log('Login attempt with:', { email, password, remember });\r\n            \r\n            \/\/ Show loading state\r\n            const submitBtn = this.querySelector('button[type=\"submit\"]');\r\n            const originalText = submitBtn.innerHTML;\r\n            submitBtn.innerHTML = '<i class=\"fas fa-spinner fa-spin mr-2\"><\/i> Connexion en cours...';\r\n            submitBtn.disabled = true;\r\n            \r\n            \/\/ Simulate API call delay\r\n            setTimeout(() => {\r\n                submitBtn.innerHTML = originalText;\r\n                submitBtn.disabled = false;\r\n                \r\n                \/\/ In a real app, you would redirect on success\r\n                alert('Connexion r\u00e9ussie! Redirection vers le tableau de bord...');\r\n                \/\/ window.location.href = '\/dashboard';\r\n            }, 1500);\r\n        });\r\n    <\/script>\r\n<\/div>\r\n\t\t\t\t<\/div>\n\t\t\t\t\t<\/div>\n\t\t\t\t<\/div>\n\t\t\t\t<\/div>\n\t\t","protected":false},"excerpt":{"rendered":"<p>Espace Client &#8211; Afriassure Espace Client Acc\u00e9dez \u00e0 vos contrats et d\u00e9clarez vos sinistres Adresse Email Mot de passe Se souvenir de [&hellip;]<\/p>\n","protected":false},"author":1,"featured_media":1247,"parent":0,"menu_order":0,"comment_status":"closed","ping_status":"closed","template":"","meta":{"content-type":"","pagelayer_contact_templates":[],"_pagelayer_content":"","postBodyCss":"","postBodyMargin":[],"postBodyPadding":[],"postBodyBackground":{"backgroundType":"classic","gradient":""},"footnotes":""},"class_list":["post-1959","page","type-page","status-publish","has-post-thumbnail","hentry"],"yoast_head":"<!-- This site is optimized with the Yoast SEO plugin v26.9 - https:\/\/yoast.com\/product\/yoast-seo-wordpress\/ -->\n<title>Login - Afriassure<\/title>\n<meta name=\"robots\" content=\"index, follow, max-snippet:-1, max-image-preview:large, max-video-preview:-1\" \/>\n<link rel=\"canonical\" href=\"https:\/\/www.afriassure.com\/en\/login-2\/\" \/>\n<meta property=\"og:locale\" content=\"en_US\" \/>\n<meta property=\"og:type\" content=\"article\" \/>\n<meta property=\"og:title\" content=\"Login - Afriassure\" \/>\n<meta property=\"og:description\" content=\"Espace Client &#8211; Afriassure Espace Client Acc\u00e9dez \u00e0 vos contrats et d\u00e9clarez vos sinistres Adresse Email Mot de passe Se souvenir de [&hellip;]\" \/>\n<meta property=\"og:url\" content=\"https:\/\/www.afriassure.com\/en\/login-2\/\" \/>\n<meta property=\"og:site_name\" content=\"Afriassure\" \/>\n<meta property=\"article:publisher\" content=\"https:\/\/web.facebook.com\/AssuancePourTous\/\" \/>\n<meta property=\"article:modified_time\" content=\"2025-08-28T12:14:48+00:00\" \/>\n<meta property=\"og:image\" content=\"https:\/\/www.afriassure.com\/wp-content\/uploads\/2025\/06\/couverture-scaled-e1749672326659.jpg\" \/>\n\t<meta property=\"og:image:width\" content=\"2560\" \/>\n\t<meta property=\"og:image:height\" content=\"917\" \/>\n\t<meta property=\"og:image:type\" content=\"image\/jpeg\" \/>\n<meta name=\"twitter:card\" content=\"summary_large_image\" \/>\n<meta name=\"twitter:label1\" content=\"Est. reading time\" \/>\n\t<meta name=\"twitter:data1\" content=\"1 minute\" \/>\n<script type=\"application\/ld+json\" class=\"yoast-schema-graph\">{\"@context\":\"https:\/\/schema.org\",\"@graph\":[{\"@type\":\"WebPage\",\"@id\":\"https:\/\/www.afriassure.com\/login-2\/\",\"url\":\"https:\/\/www.afriassure.com\/login-2\/\",\"name\":\"Login - Afriassure\",\"isPartOf\":{\"@id\":\"https:\/\/www.afriassure.com\/#website\"},\"primaryImageOfPage\":{\"@id\":\"https:\/\/www.afriassure.com\/login-2\/#primaryimage\"},\"image\":{\"@id\":\"https:\/\/www.afriassure.com\/login-2\/#primaryimage\"},\"thumbnailUrl\":\"https:\/\/www.afriassure.com\/wp-content\/uploads\/2025\/06\/couverture-scaled-e1749672326659.jpg\",\"datePublished\":\"2025-08-28T12:03:20+00:00\",\"dateModified\":\"2025-08-28T12:14:48+00:00\",\"breadcrumb\":{\"@id\":\"https:\/\/www.afriassure.com\/login-2\/#breadcrumb\"},\"inLanguage\":\"en-US\",\"potentialAction\":[{\"@type\":\"ReadAction\",\"target\":[\"https:\/\/www.afriassure.com\/login-2\/\"]}]},{\"@type\":\"ImageObject\",\"inLanguage\":\"en-US\",\"@id\":\"https:\/\/www.afriassure.com\/login-2\/#primaryimage\",\"url\":\"https:\/\/www.afriassure.com\/wp-content\/uploads\/2025\/06\/couverture-scaled-e1749672326659.jpg\",\"contentUrl\":\"https:\/\/www.afriassure.com\/wp-content\/uploads\/2025\/06\/couverture-scaled-e1749672326659.jpg\",\"width\":2560,\"height\":917},{\"@type\":\"BreadcrumbList\",\"@id\":\"https:\/\/www.afriassure.com\/login-2\/#breadcrumb\",\"itemListElement\":[{\"@type\":\"ListItem\",\"position\":1,\"name\":\"Accueil\",\"item\":\"https:\/\/www.afriassure.com\/\"},{\"@type\":\"ListItem\",\"position\":2,\"name\":\"Login\"}]},{\"@type\":\"WebSite\",\"@id\":\"https:\/\/www.afriassure.com\/#website\",\"url\":\"https:\/\/www.afriassure.com\/\",\"name\":\"Afriassure\",\"description\":\"assurance, Cameroun\",\"publisher\":{\"@id\":\"https:\/\/www.afriassure.com\/#organization\"},\"potentialAction\":[{\"@type\":\"SearchAction\",\"target\":{\"@type\":\"EntryPoint\",\"urlTemplate\":\"https:\/\/www.afriassure.com\/?s={search_term_string}\"},\"query-input\":{\"@type\":\"PropertyValueSpecification\",\"valueRequired\":true,\"valueName\":\"search_term_string\"}}],\"inLanguage\":\"en-US\"},{\"@type\":\"Organization\",\"@id\":\"https:\/\/www.afriassure.com\/#organization\",\"name\":\"Afriassure\",\"url\":\"https:\/\/www.afriassure.com\/\",\"logo\":{\"@type\":\"ImageObject\",\"inLanguage\":\"en-US\",\"@id\":\"https:\/\/www.afriassure.com\/#\/schema\/logo\/image\/\",\"url\":\"https:\/\/www.afriassure.com\/wp-content\/uploads\/2025\/05\/cropped-logo-afri_page-0001.png\",\"contentUrl\":\"https:\/\/www.afriassure.com\/wp-content\/uploads\/2025\/05\/cropped-logo-afri_page-0001.png\",\"width\":1813,\"height\":1809,\"caption\":\"Afriassure\"},\"image\":{\"@id\":\"https:\/\/www.afriassure.com\/#\/schema\/logo\/image\/\"},\"sameAs\":[\"https:\/\/web.facebook.com\/AssuancePourTous\/\",\"https:\/\/www.instagram.com\/afriassure\",\"https:\/\/www.linkedin.com\/company\/afriassure\/\",\"https:\/\/wa.me\/237698484848\"]}]}<\/script>\n<!-- \/ Yoast SEO plugin. -->","yoast_head_json":{"title":"Login - Afriassure","robots":{"index":"index","follow":"follow","max-snippet":"max-snippet:-1","max-image-preview":"max-image-preview:large","max-video-preview":"max-video-preview:-1"},"canonical":"https:\/\/www.afriassure.com\/en\/login-2\/","og_locale":"en_US","og_type":"article","og_title":"Login - Afriassure","og_description":"Espace Client &#8211; Afriassure Espace Client Acc\u00e9dez \u00e0 vos contrats et d\u00e9clarez vos sinistres Adresse Email Mot de passe Se souvenir de [&hellip;]","og_url":"https:\/\/www.afriassure.com\/en\/login-2\/","og_site_name":"Afriassure","article_publisher":"https:\/\/web.facebook.com\/AssuancePourTous\/","article_modified_time":"2025-08-28T12:14:48+00:00","og_image":[{"width":2560,"height":917,"url":"https:\/\/www.afriassure.com\/wp-content\/uploads\/2025\/06\/couverture-scaled-e1749672326659.jpg","type":"image\/jpeg"}],"twitter_card":"summary_large_image","twitter_misc":{"Est. reading time":"1 minute"},"schema":{"@context":"https:\/\/schema.org","@graph":[{"@type":"WebPage","@id":"https:\/\/www.afriassure.com\/login-2\/","url":"https:\/\/www.afriassure.com\/login-2\/","name":"Login - Afriassure","isPartOf":{"@id":"https:\/\/www.afriassure.com\/#website"},"primaryImageOfPage":{"@id":"https:\/\/www.afriassure.com\/login-2\/#primaryimage"},"image":{"@id":"https:\/\/www.afriassure.com\/login-2\/#primaryimage"},"thumbnailUrl":"https:\/\/www.afriassure.com\/wp-content\/uploads\/2025\/06\/couverture-scaled-e1749672326659.jpg","datePublished":"2025-08-28T12:03:20+00:00","dateModified":"2025-08-28T12:14:48+00:00","breadcrumb":{"@id":"https:\/\/www.afriassure.com\/login-2\/#breadcrumb"},"inLanguage":"en-US","potentialAction":[{"@type":"ReadAction","target":["https:\/\/www.afriassure.com\/login-2\/"]}]},{"@type":"ImageObject","inLanguage":"en-US","@id":"https:\/\/www.afriassure.com\/login-2\/#primaryimage","url":"https:\/\/www.afriassure.com\/wp-content\/uploads\/2025\/06\/couverture-scaled-e1749672326659.jpg","contentUrl":"https:\/\/www.afriassure.com\/wp-content\/uploads\/2025\/06\/couverture-scaled-e1749672326659.jpg","width":2560,"height":917},{"@type":"BreadcrumbList","@id":"https:\/\/www.afriassure.com\/login-2\/#breadcrumb","itemListElement":[{"@type":"ListItem","position":1,"name":"Accueil","item":"https:\/\/www.afriassure.com\/"},{"@type":"ListItem","position":2,"name":"Login"}]},{"@type":"WebSite","@id":"https:\/\/www.afriassure.com\/#website","url":"https:\/\/www.afriassure.com\/","name":"Afriassure","description":"assurance, Cameroun","publisher":{"@id":"https:\/\/www.afriassure.com\/#organization"},"potentialAction":[{"@type":"SearchAction","target":{"@type":"EntryPoint","urlTemplate":"https:\/\/www.afriassure.com\/?s={search_term_string}"},"query-input":{"@type":"PropertyValueSpecification","valueRequired":true,"valueName":"search_term_string"}}],"inLanguage":"en-US"},{"@type":"Organization","@id":"https:\/\/www.afriassure.com\/#organization","name":"Afriassure","url":"https:\/\/www.afriassure.com\/","logo":{"@type":"ImageObject","inLanguage":"en-US","@id":"https:\/\/www.afriassure.com\/#\/schema\/logo\/image\/","url":"https:\/\/www.afriassure.com\/wp-content\/uploads\/2025\/05\/cropped-logo-afri_page-0001.png","contentUrl":"https:\/\/www.afriassure.com\/wp-content\/uploads\/2025\/05\/cropped-logo-afri_page-0001.png","width":1813,"height":1809,"caption":"Afriassure"},"image":{"@id":"https:\/\/www.afriassure.com\/#\/schema\/logo\/image\/"},"sameAs":["https:\/\/web.facebook.com\/AssuancePourTous\/","https:\/\/www.instagram.com\/afriassure","https:\/\/www.linkedin.com\/company\/afriassure\/","https:\/\/wa.me\/237698484848"]}]}},"_links":{"self":[{"href":"https:\/\/www.afriassure.com\/en\/wp-json\/wp\/v2\/pages\/1959","targetHints":{"allow":["GET"]}}],"collection":[{"href":"https:\/\/www.afriassure.com\/en\/wp-json\/wp\/v2\/pages"}],"about":[{"href":"https:\/\/www.afriassure.com\/en\/wp-json\/wp\/v2\/types\/page"}],"author":[{"embeddable":true,"href":"https:\/\/www.afriassure.com\/en\/wp-json\/wp\/v2\/users\/1"}],"replies":[{"embeddable":true,"href":"https:\/\/www.afriassure.com\/en\/wp-json\/wp\/v2\/comments?post=1959"}],"version-history":[{"count":3,"href":"https:\/\/www.afriassure.com\/en\/wp-json\/wp\/v2\/pages\/1959\/revisions"}],"predecessor-version":[{"id":1978,"href":"https:\/\/www.afriassure.com\/en\/wp-json\/wp\/v2\/pages\/1959\/revisions\/1978"}],"wp:featuredmedia":[{"embeddable":true,"href":"https:\/\/www.afriassure.com\/en\/wp-json\/wp\/v2\/media\/1247"}],"wp:attachment":[{"href":"https:\/\/www.afriassure.com\/en\/wp-json\/wp\/v2\/media?parent=1959"}],"curies":[{"name":"wp","href":"https:\/\/api.w.org\/{rel}","templated":true}]}}