{"id":1080,"date":"2025-06-06T02:21:55","date_gmt":"2025-06-06T02:21:55","guid":{"rendered":"https:\/\/www.afriassure.com\/?page_id=1080"},"modified":"2025-11-05T07:54:15","modified_gmt":"2025-11-05T07:54:15","slug":"equipe","status":"publish","type":"page","link":"https:\/\/www.afriassure.com\/en\/equipe\/","title":{"rendered":"Team"},"content":{"rendered":"<div data-elementor-type=\"wp-page\" data-elementor-id=\"1080\" class=\"elementor elementor-1080\" data-elementor-settings=\"{&quot;element_pack_global_tooltip_width&quot;:{&quot;unit&quot;:&quot;px&quot;,&quot;size&quot;:&quot;&quot;,&quot;sizes&quot;:[]},&quot;element_pack_global_tooltip_width_tablet&quot;:{&quot;unit&quot;:&quot;px&quot;,&quot;size&quot;:&quot;&quot;,&quot;sizes&quot;:[]},&quot;element_pack_global_tooltip_width_mobile&quot;:{&quot;unit&quot;:&quot;px&quot;,&quot;size&quot;:&quot;&quot;,&quot;sizes&quot;:[]},&quot;element_pack_global_tooltip_padding&quot;:{&quot;unit&quot;:&quot;px&quot;,&quot;top&quot;:&quot;&quot;,&quot;right&quot;:&quot;&quot;,&quot;bottom&quot;:&quot;&quot;,&quot;left&quot;:&quot;&quot;,&quot;isLinked&quot;:true},&quot;element_pack_global_tooltip_padding_tablet&quot;:{&quot;unit&quot;:&quot;px&quot;,&quot;top&quot;:&quot;&quot;,&quot;right&quot;:&quot;&quot;,&quot;bottom&quot;:&quot;&quot;,&quot;left&quot;:&quot;&quot;,&quot;isLinked&quot;:true},&quot;element_pack_global_tooltip_padding_mobile&quot;:{&quot;unit&quot;:&quot;px&quot;,&quot;top&quot;:&quot;&quot;,&quot;right&quot;:&quot;&quot;,&quot;bottom&quot;:&quot;&quot;,&quot;left&quot;:&quot;&quot;,&quot;isLinked&quot;:true},&quot;element_pack_global_tooltip_border_radius&quot;:{&quot;unit&quot;:&quot;px&quot;,&quot;top&quot;:&quot;&quot;,&quot;right&quot;:&quot;&quot;,&quot;bottom&quot;:&quot;&quot;,&quot;left&quot;:&quot;&quot;,&quot;isLinked&quot;:true},&quot;element_pack_global_tooltip_border_radius_tablet&quot;:{&quot;unit&quot;:&quot;px&quot;,&quot;top&quot;:&quot;&quot;,&quot;right&quot;:&quot;&quot;,&quot;bottom&quot;:&quot;&quot;,&quot;left&quot;:&quot;&quot;,&quot;isLinked&quot;:true},&quot;element_pack_global_tooltip_border_radius_mobile&quot;:{&quot;unit&quot;:&quot;px&quot;,&quot;top&quot;:&quot;&quot;,&quot;right&quot;:&quot;&quot;,&quot;bottom&quot;:&quot;&quot;,&quot;left&quot;:&quot;&quot;,&quot;isLinked&quot;:true}}\">\n\t\t\t\t<div class=\"elementor-element elementor-element-8319896 e-flex e-con-boxed e-con e-parent\" data-id=\"8319896\" data-element_type=\"container\" data-e-type=\"container\">\n\t\t\t\t\t<div class=\"e-con-inner\">\n\t\t\t\t<div class=\"elementor-element elementor-element-ad77555 elementor-widget elementor-widget-html\" data-id=\"ad77555\" data-element_type=\"widget\" data-e-type=\"widget\" data-widget_type=\"html.default\">\n\t\t\t\t\t<div id=\"afriassure-team-container\">\r\n    <style>\r\n        #afriassure-team-container {\r\n            font-family: 'Segoe UI', Tahoma, Geneva, Verdana, sans-serif;\r\n            max-width: 1200px;\r\n            margin: 0 auto;\r\n            padding: 60px 20px;\r\n            background-color: #f9fbfe;\r\n            box-sizing: border-box;\r\n        }\r\n        \r\n        #afriassure-team-container .team-header {\r\n            text-align: center;\r\n            margin-bottom: 60px;\r\n        }\r\n        \r\n        #afriassure-team-container .team-header .subtitle {\r\n            color: #e67e22;\r\n            font-weight: 600;\r\n            text-transform: uppercase;\r\n            letter-spacing: 1px;\r\n            font-size: 1rem;\r\n            margin-bottom: 10px;\r\n        }\r\n        \r\n        #afriassure-team-container .team-header h2 {\r\n            font-size: 2.8rem;\r\n            color: #2c3e50;\r\n            margin-bottom: 15px;\r\n            font-weight: 700;\r\n            line-height: 1.2;\r\n        }\r\n        \r\n        #afriassure-team-container .team-header .description {\r\n            color: #5a6a7f;\r\n            font-size: 1.1rem;\r\n            max-width: 700px;\r\n            margin: 0 auto;\r\n            line-height: 1.6;\r\n        }\r\n        \r\n        #afriassure-team-container .team-header .divider {\r\n            width: 80px;\r\n            height: 4px;\r\n            background: #3498db;\r\n            margin: 25px auto;\r\n            border-radius: 2px;\r\n        }\r\n        \r\n        #afriassure-team-container .team-grid {\r\n            display: grid;\r\n            grid-template-columns: repeat(auto-fill, minmax(270px, 1fr));\r\n            gap: 30px;\r\n        }\r\n        \r\n        #afriassure-team-container .team-member {\r\n            background: white;\r\n            border-radius: 10px;\r\n            overflow: hidden;\r\n            box-shadow: 0 5px 25px rgba(0, 0, 0, 0.08);\r\n            transition: all 0.4s ease;\r\n            text-align: center;\r\n            position: relative;\r\n        }\r\n        \r\n        #afriassure-team-container .team-member:hover {\r\n            transform: translateY(-10px);\r\n            box-shadow: 0 15px 35px rgba(0, 0, 0, 0.12);\r\n        }\r\n        \r\n        #afriassure-team-container .member-photo {\r\n            position: relative;\r\n            overflow: hidden;\r\n            height: 280px;\r\n        }\r\n        \r\n        #afriassure-team-container .member-photo img {\r\n            width: 100%;\r\n            height: 100%;\r\n            object-fit: cover;\r\n            transition: transform 0.5s ease;\r\n        }\r\n        \r\n        #afriassure-team-container .team-member:hover .member-photo img {\r\n            transform: scale(1.05);\r\n        }\r\n        \r\n        #afriassure-team-container .member-details {\r\n            padding: 25px 20px;\r\n            position: relative;\r\n        }\r\n        \r\n        #afriassure-team-container .member-details h3 {\r\n            margin: 0 0 5px;\r\n            color: #2c3e50;\r\n            font-size: 1.4rem;\r\n            font-weight: 700;\r\n        }\r\n        \r\n        #afriassure-team-container .member-details .position {\r\n            color: #3498db;\r\n            font-weight: 600;\r\n            margin-bottom: 15px;\r\n            font-size: 0.95rem;\r\n            display: block;\r\n        }\r\n        \r\n        #afriassure-team-container .member-details .bio {\r\n            color: #5a6a7f;\r\n            font-size: 0.95rem;\r\n            line-height: 1.6;\r\n            margin-bottom: 20px;\r\n        }\r\n        \r\n        #afriassure-team-container .member-social {\r\n            display: flex;\r\n            justify-content: center;\r\n            gap: 12px;\r\n        }\r\n        \r\n        #afriassure-team-container .member-social a {\r\n            display: flex;\r\n            align-items: center;\r\n            justify-content: center;\r\n            width: 36px;\r\n            height: 36px;\r\n            border-radius: 50%;\r\n            background: #f1f5f9;\r\n            color: #5a6a7f;\r\n            transition: all 0.3s ease;\r\n            font-size: 0.9rem;\r\n        }\r\n        \r\n        #afriassure-team-container .member-social a:hover {\r\n            background: #3498db;\r\n            color: white;\r\n            transform: translateY(-3px);\r\n        }\r\n        \r\n        #afriassure-team-container .afriassure-badge {\r\n            position: absolute;\r\n            top: 20px;\r\n            right: 20px;\r\n            background: #e74c3c;\r\n            color: white;\r\n            padding: 5px 10px;\r\n            border-radius: 4px;\r\n            font-size: 0.7rem;\r\n            font-weight: 600;\r\n            text-transform: uppercase;\r\n            letter-spacing: 1px;\r\n            z-index: 2;\r\n        }\r\n        \r\n        \/* Responsive *\/\r\n        @media (max-width: 1024px) {\r\n            #afriassure-team-container .team-grid {\r\n                grid-template-columns: repeat(auto-fill, minmax(240px, 1fr));\r\n            }\r\n        }\r\n        \r\n        @media (max-width: 768px) {\r\n            #afriassure-team-container .team-header h2 {\r\n                font-size: 2.2rem;\r\n            }\r\n            \r\n            #afriassure-team-container .team-header .description {\r\n                font-size: 1rem;\r\n            }\r\n            \r\n            #afriassure-team-container .member-photo {\r\n                height: 240px;\r\n            }\r\n        }\r\n        \r\n        @media (max-width: 576px) {\r\n            #afriassure-team-container {\r\n                padding: 40px 15px;\r\n            }\r\n            \r\n            #afriassure-team-container .team-header {\r\n                margin-bottom: 40px;\r\n            }\r\n            \r\n            #afriassure-team-container .team-header h2 {\r\n                font-size: 1.8rem;\r\n            }\r\n            \r\n            #afriassure-team-container .team-grid {\r\n                grid-template-columns: 1fr;\r\n                max-width: 400px;\r\n                margin: 0 auto;\r\n                gap: 25px;\r\n            }\r\n        }\r\n    <\/style>\r\n\r\n    <div class=\"team-header\">\r\n        <span class=\"subtitle\">Rencontrez notre \u00e9quipe<\/span>\r\n        <h2>Les Experts d'Afriassure<\/h2>\r\n        <div class=\"divider\"><\/div>\r\n        <p class=\"description\">\r\n            Notre \u00e9quipe d\u00e9vou\u00e9e combine expertise technique et connaissance approfondie du march\u00e9 africain \r\n            pour vous offrir les meilleures solutions d'assurance adapt\u00e9es \u00e0 vos besoins.\r\n        <\/p>\r\n    <\/div>\r\n    \r\n    <div class=\"team-grid\">\r\n        <!-- Membre 1 -->\r\n        <div class=\"team-member\">\r\n            <div class=\"member-photo\">\r\n                <span class=\"afriassure-badge\"><\/span>\r\n                <img decoding=\"async\" src=\"https:\/\/www.afriassure.com\/wp-content\/uploads\/2025\/06\/WhatsApp-Image-2025-06-06-at-03.46.18.jpeg\" alt=\"Mohamed Diallo\">\r\n            <\/div>\r\n            <div class=\"member-details\">\r\n                <h3>Carole Sen<\/h3>\r\n                <span class=\"position\">Chef D\u00e9partement technique<\/span>\r\n                <p class=\"bio\">\r\n                    Cumule 08 ans d\u2019exp\u00e9rience dans la gestion technique des contrats. Sa rigueur, son organisation et sa ma\u00eetrise des produits assurent une qualit\u00e9 de traitement optimale et une production fluide, conforme aux attentes de nos partenaires.\r\n                <\/p>\r\n                <div class=\"member-social\">\r\n                    <a href=\"tel:698400885\"><i class=\"fas fa-phone-alt\"><\/i><\/a>\r\n                    <a href=\"https:\/\/wa.me\/237698400885\"><i class=\"fab fa-whatsapp\"><\/i><\/a>\r\n                    <a href=\"mailto:carole.sen@www.afriassure.com\"><i class=\"fas fa-envelope\"><\/i><\/a>\r\n                <\/div>\r\n            <\/div>\r\n        <\/div>\r\n        \r\n        <!-- Membre 2 -->\r\n        <div class=\"team-member\">\r\n            <div class=\"member-photo\">\r\n                <img decoding=\"async\" src=\"https:\/\/www.afriassure.com\/wp-content\/uploads\/2025\/06\/6-scaled.jpg\" alt=\"Aminata Ndiaye\">\r\n            <\/div>\r\n            <div class=\"member-details\">\r\n                <h3>Anita Wach\u00e9<\/h3>\r\n                <span class=\"position\">Responsable Service Sinistre<\/span>\r\n                <p class=\"bio\">\r\n                    Assure une gestion rigoureuse et humaine des dossiers. Gr\u00e2ce \u00e0 son expertise en r\u00e8glement des sinistres, elle garantit une prise en charge rapide, transparente et efficace, renfor\u00e7ant la confiance de nos clients au quotidien.\r\n                <\/p>\r\n                <div class=\"member-social\">\r\n                    <a href=\"tel:698400946\"><i class=\"fas fa-phone-alt\"><\/i><\/a>\r\n                    <a href=\"https:\/\/wa.me\/237698400946\"><i class=\"fab fa-whatsapp\"><\/i><\/a>\r\n                    <a href=\"mailto:anita.wache@www.afriassure.com\"><i class=\"fas fa-envelope\"><\/i><\/a>\r\n                <\/div>\r\n            <\/div>\r\n        <\/div>\r\n        \r\n        <!-- Membre 3 -->\r\n        <div class=\"team-member\">\r\n            <div class=\"member-photo\">\r\n                <img decoding=\"async\" src=\"https:\/\/www.afriassure.com\/wp-content\/uploads\/2025\/06\/1-scaled.jpg\" alt=\"Koffi Agbeko\">\r\n            <\/div>\r\n            <div class=\"member-details\">\r\n                <h3>Satunis Yopa<\/h3>\r\n                <span class=\"position\">Responsable Service Informatique<\/span>\r\n                <p class=\"bio\">\r\n                    Veille au bon fonctionnement et \u00e0 la s\u00e9curit\u00e9 de notre infrastructure num\u00e9rique. Gr\u00e2ce \u00e0 son expertise technique, il garantit la fluidit\u00e9 des op\u00e9rations, l\u2019assistance des \u00e9quipes et l\u2019\u00e9volution continue de nos outils digitaux.\r\n                <\/p>\r\n                <div class=\"member-social\">\r\n                    <a href=\"tel:698400956\"><i class=\"fas fa-phone-alt\"><\/i><\/a>\r\n                    <a href=\"https:\/\/wa.me\/237698400956\"><i class=\"fab fa-whatsapp\"><\/i><\/a>\r\n                    <a href=\"mailto:gildas.yopa@www.afriassure.com\"><i class=\"fas fa-envelope\"><\/i><\/a>\r\n                <\/div>\r\n            <\/div>\r\n        <\/div>\r\n        \r\n        <!-- Membre 4 -->\r\n        <div class=\"team-member\">\r\n            <div class=\"member-photo\">\r\n                <img decoding=\"async\" src=\"https:\/\/www.afriassure.com\/wp-content\/uploads\/2025\/06\/7-scaled.jpg\" alt=\"Fatoumata B\u00e2\">\r\n            <\/div>\r\n            <div class=\"member-details\">\r\n                <h3>Austine Chedjou<\/h3>\r\n                <span class=\"position\">Responsable Service Production<\/span>\r\n                <p class=\"bio\">\r\n                    Assure avec professionnalisme la gestion et l\u2019\u00e9mission des contrats d\u2019assurance. Sa connaissance des produits et sa rigueur dans le traitement des dossiers contribuent \u00e0 la qualit\u00e9 du service rendu aux clients et partenaires au quotidien.\r\n                <\/p>\r\n                <div class=\"member-social\">\r\n                    <a href=\"tel:695989383\"><i class=\"fas fa-phone-alt\"><\/i><\/a>\r\n                    <a href=\"https:\/\/wa.me\/237695989383\"><i class=\"fab fa-whatsapp\"><\/i><\/a>\r\n                    <a href=\"mailto:austine.chedjou@www.afriassure.com\"><i class=\"fas fa-envelope\"><\/i><\/a>\r\n                <\/div>\r\n            <\/div>\r\n        <\/div>\r\n        \r\n        <!-- Membre 5 -->\r\n        <div class=\"team-member\">\r\n            <div class=\"member-photo\">\r\n                <img decoding=\"async\" src=\"https:\/\/www.afriassure.com\/wp-content\/uploads\/2025\/06\/WhatsApp-Image-2025-06-12-at-22.30.01.jpeg\" alt=\"A\u00efssatou Diop\">\r\n            <\/div>\r\n            <div class=\"member-details\">\r\n                <h3>Pamella Nkolo<\/h3>\r\n                <span class=\"position\">Productrice Centrale<\/span>\r\n                <p class=\"bio\">\r\n                    Joue un r\u00f4le cl\u00e9 dans la coordination et le suivi de la production. Gr\u00e2ce \u00e0 sa r\u00e9activit\u00e9 et sa ma\u00eetrise des proc\u00e9dures, elle garantit la conformit\u00e9 des contrats et la fluidit\u00e9 des op\u00e9rations sur l\u2019ensemble du r\u00e9seau.\r\n                <\/p>\r\n                <div class=\"member-social\">\r\n                    <a href=\"tel:657639981\"><i class=\"fas fa-phone-alt\"><\/i><\/a>\r\n                    <a href=\"https:\/\/wa.me\/237657639981\"><i class=\"fab fa-whatsapp\"><\/i><\/a>\r\n                    <a href=\"mailto:pamella.nkolo@www.afriassure.com\"><i class=\"fas fa-envelope\"><\/i><\/a>\r\n                <\/div>\r\n            <\/div>\r\n        <\/div>\r\n        \r\n        <!-- Membre 6 -->\r\n        <div class=\"team-member\">\r\n            <div class=\"member-photo\">\r\n                <img decoding=\"async\" src=\"https:\/\/www.afriassure.com\/wp-content\/uploads\/2025\/06\/WhatsApp-Image-2025-06-06-at-04.01.03-e1749179784775.jpeg\" alt=\"Jean-Luc Mvouba\">\r\n            <\/div>\r\n            <div class=\"member-details\">\r\n                <h3>Pierre Mahi<\/h3>\r\n                <span class=\"position\">Producteur<\/span>\r\n                <p class=\"bio\">\r\n                    Intervient avec pr\u00e9cision dans la cr\u00e9ation et le suivi des contrats d\u2019assurance. Gr\u00e2ce \u00e0 sa rigueur et sa ma\u00eetrise des outils, il garantit une production conforme, rapide et fiable, au service des clients et partenaires.\r\n                <\/p>\r\n                <div class=\"member-social\">\r\n                    <a href=\"tel:698400882\"><i class=\"fas fa-phone-alt\"><\/i><\/a>\r\n                    <a href=\"https:\/\/wa.me\/237694128475\"><i class=\"fab fa-whatsapp\"><\/i><\/a>\r\n                    <a href=\"mailto:pierre.mahi@www.afriassure.com\"><i class=\"fas fa-envelope\"><\/i><\/a>\r\n                <\/div>\r\n            <\/div>\r\n        <\/div>\r\n        \r\n\r\n    <!-- Font Awesome pour les ic\u00f4nes -->\r\n    <link rel=\"stylesheet\" href=\"https:\/\/cdnjs.cloudflare.com\/ajax\/libs\/font-awesome\/6.4.0\/css\/all.min.css\">\r\n<\/div>\t\t\t\t<\/div>\n\t\t\t\t\t<\/div>\n\t\t\t\t<\/div>\n\t\t\t\t<\/div>","protected":false},"excerpt":{"rendered":"<p>Rencontrez notre \u00e9quipe Les Experts d&rsquo;Afriassure Notre \u00e9quipe d\u00e9vou\u00e9e combine expertise technique et connaissance approfondie du march\u00e9 africain pour vous offrir les [&hellip;]<\/p>\n","protected":false},"author":2,"featured_media":1847,"parent":0,"menu_order":0,"comment_status":"closed","ping_status":"closed","template":"","meta":{"content-type":"","pagelayer_contact_templates":[],"_pagelayer_content":"","postBodyCss":"","postBodyMargin":[],"postBodyPadding":[],"postBodyBackground":{"backgroundType":"classic","gradient":""},"footnotes":""},"class_list":["post-1080","page","type-page","status-publish","has-post-thumbnail","hentry"],"yoast_head":"<!-- This site is optimized with the Yoast SEO plugin v26.9 - https:\/\/yoast.com\/product\/yoast-seo-wordpress\/ -->\n<title>\u00c9quipe - Afriassure<\/title>\n<meta name=\"robots\" content=\"index, follow, max-snippet:-1, max-image-preview:large, max-video-preview:-1\" \/>\n<link rel=\"canonical\" href=\"https:\/\/www.afriassure.com\/en\/equipe\/\" \/>\n<meta property=\"og:locale\" content=\"en_US\" \/>\n<meta property=\"og:type\" content=\"article\" \/>\n<meta property=\"og:title\" content=\"\u00c9quipe - Afriassure\" \/>\n<meta property=\"og:description\" content=\"Rencontrez notre \u00e9quipe Les Experts d&rsquo;Afriassure Notre \u00e9quipe d\u00e9vou\u00e9e combine expertise technique et connaissance approfondie du march\u00e9 africain pour vous offrir les [&hellip;]\" \/>\n<meta property=\"og:url\" content=\"https:\/\/www.afriassure.com\/en\/equipe\/\" \/>\n<meta property=\"og:site_name\" content=\"Afriassure\" \/>\n<meta property=\"article:publisher\" content=\"https:\/\/web.facebook.com\/AssuancePourTous\/\" \/>\n<meta property=\"article:modified_time\" content=\"2025-11-05T07:54:15+00:00\" \/>\n<meta property=\"og:image\" content=\"https:\/\/www.afriassure.com\/wp-content\/uploads\/2025\/07\/20250523_192841-scaled-e1752755496992.jpg\" \/>\n\t<meta property=\"og:image:width\" content=\"2560\" \/>\n\t<meta property=\"og:image:height\" content=\"1673\" \/>\n\t<meta property=\"og:image:type\" content=\"image\/jpeg\" \/>\n<meta name=\"twitter:card\" content=\"summary_large_image\" \/>\n<meta name=\"twitter:label1\" content=\"Est. reading time\" \/>\n\t<meta name=\"twitter:data1\" content=\"3 minutes\" \/>\n<script type=\"application\/ld+json\" class=\"yoast-schema-graph\">{\"@context\":\"https:\/\/schema.org\",\"@graph\":[{\"@type\":\"WebPage\",\"@id\":\"https:\/\/www.afriassure.com\/equipe\/\",\"url\":\"https:\/\/www.afriassure.com\/equipe\/\",\"name\":\"\u00c9quipe - Afriassure\",\"isPartOf\":{\"@id\":\"https:\/\/www.afriassure.com\/#website\"},\"primaryImageOfPage\":{\"@id\":\"https:\/\/www.afriassure.com\/equipe\/#primaryimage\"},\"image\":{\"@id\":\"https:\/\/www.afriassure.com\/equipe\/#primaryimage\"},\"thumbnailUrl\":\"https:\/\/www.afriassure.com\/wp-content\/uploads\/2025\/07\/20250523_192841-scaled-e1752755496992.jpg\",\"datePublished\":\"2025-06-06T02:21:55+00:00\",\"dateModified\":\"2025-11-05T07:54:15+00:00\",\"breadcrumb\":{\"@id\":\"https:\/\/www.afriassure.com\/equipe\/#breadcrumb\"},\"inLanguage\":\"en-US\",\"potentialAction\":[{\"@type\":\"ReadAction\",\"target\":[\"https:\/\/www.afriassure.com\/equipe\/\"]}]},{\"@type\":\"ImageObject\",\"inLanguage\":\"en-US\",\"@id\":\"https:\/\/www.afriassure.com\/equipe\/#primaryimage\",\"url\":\"https:\/\/www.afriassure.com\/wp-content\/uploads\/2025\/07\/20250523_192841-scaled-e1752755496992.jpg\",\"contentUrl\":\"https:\/\/www.afriassure.com\/wp-content\/uploads\/2025\/07\/20250523_192841-scaled-e1752755496992.jpg\",\"width\":2560,\"height\":1673},{\"@type\":\"BreadcrumbList\",\"@id\":\"https:\/\/www.afriassure.com\/equipe\/#breadcrumb\",\"itemListElement\":[{\"@type\":\"ListItem\",\"position\":1,\"name\":\"Accueil\",\"item\":\"https:\/\/www.afriassure.com\/\"},{\"@type\":\"ListItem\",\"position\":2,\"name\":\"\u00c9quipe\"}]},{\"@type\":\"WebSite\",\"@id\":\"https:\/\/www.afriassure.com\/#website\",\"url\":\"https:\/\/www.afriassure.com\/\",\"name\":\"Afriassure\",\"description\":\"assurance, Cameroun\",\"publisher\":{\"@id\":\"https:\/\/www.afriassure.com\/#organization\"},\"potentialAction\":[{\"@type\":\"SearchAction\",\"target\":{\"@type\":\"EntryPoint\",\"urlTemplate\":\"https:\/\/www.afriassure.com\/?s={search_term_string}\"},\"query-input\":{\"@type\":\"PropertyValueSpecification\",\"valueRequired\":true,\"valueName\":\"search_term_string\"}}],\"inLanguage\":\"en-US\"},{\"@type\":\"Organization\",\"@id\":\"https:\/\/www.afriassure.com\/#organization\",\"name\":\"Afriassure\",\"url\":\"https:\/\/www.afriassure.com\/\",\"logo\":{\"@type\":\"ImageObject\",\"inLanguage\":\"en-US\",\"@id\":\"https:\/\/www.afriassure.com\/#\/schema\/logo\/image\/\",\"url\":\"https:\/\/www.afriassure.com\/wp-content\/uploads\/2025\/05\/cropped-logo-afri_page-0001.png\",\"contentUrl\":\"https:\/\/www.afriassure.com\/wp-content\/uploads\/2025\/05\/cropped-logo-afri_page-0001.png\",\"width\":1813,\"height\":1809,\"caption\":\"Afriassure\"},\"image\":{\"@id\":\"https:\/\/www.afriassure.com\/#\/schema\/logo\/image\/\"},\"sameAs\":[\"https:\/\/web.facebook.com\/AssuancePourTous\/\",\"https:\/\/www.instagram.com\/afriassure\",\"https:\/\/www.linkedin.com\/company\/afriassure\/\",\"https:\/\/wa.me\/237698484848\"]}]}<\/script>\n<!-- \/ Yoast SEO plugin. -->","yoast_head_json":{"title":"\u00c9quipe - Afriassure","robots":{"index":"index","follow":"follow","max-snippet":"max-snippet:-1","max-image-preview":"max-image-preview:large","max-video-preview":"max-video-preview:-1"},"canonical":"https:\/\/www.afriassure.com\/en\/equipe\/","og_locale":"en_US","og_type":"article","og_title":"\u00c9quipe - Afriassure","og_description":"Rencontrez notre \u00e9quipe Les Experts d&rsquo;Afriassure Notre \u00e9quipe d\u00e9vou\u00e9e combine expertise technique et connaissance approfondie du march\u00e9 africain pour vous offrir les [&hellip;]","og_url":"https:\/\/www.afriassure.com\/en\/equipe\/","og_site_name":"Afriassure","article_publisher":"https:\/\/web.facebook.com\/AssuancePourTous\/","article_modified_time":"2025-11-05T07:54:15+00:00","og_image":[{"width":2560,"height":1673,"url":"https:\/\/www.afriassure.com\/wp-content\/uploads\/2025\/07\/20250523_192841-scaled-e1752755496992.jpg","type":"image\/jpeg"}],"twitter_card":"summary_large_image","twitter_misc":{"Est. reading time":"3 minutes"},"schema":{"@context":"https:\/\/schema.org","@graph":[{"@type":"WebPage","@id":"https:\/\/www.afriassure.com\/equipe\/","url":"https:\/\/www.afriassure.com\/equipe\/","name":"\u00c9quipe - Afriassure","isPartOf":{"@id":"https:\/\/www.afriassure.com\/#website"},"primaryImageOfPage":{"@id":"https:\/\/www.afriassure.com\/equipe\/#primaryimage"},"image":{"@id":"https:\/\/www.afriassure.com\/equipe\/#primaryimage"},"thumbnailUrl":"https:\/\/www.afriassure.com\/wp-content\/uploads\/2025\/07\/20250523_192841-scaled-e1752755496992.jpg","datePublished":"2025-06-06T02:21:55+00:00","dateModified":"2025-11-05T07:54:15+00:00","breadcrumb":{"@id":"https:\/\/www.afriassure.com\/equipe\/#breadcrumb"},"inLanguage":"en-US","potentialAction":[{"@type":"ReadAction","target":["https:\/\/www.afriassure.com\/equipe\/"]}]},{"@type":"ImageObject","inLanguage":"en-US","@id":"https:\/\/www.afriassure.com\/equipe\/#primaryimage","url":"https:\/\/www.afriassure.com\/wp-content\/uploads\/2025\/07\/20250523_192841-scaled-e1752755496992.jpg","contentUrl":"https:\/\/www.afriassure.com\/wp-content\/uploads\/2025\/07\/20250523_192841-scaled-e1752755496992.jpg","width":2560,"height":1673},{"@type":"BreadcrumbList","@id":"https:\/\/www.afriassure.com\/equipe\/#breadcrumb","itemListElement":[{"@type":"ListItem","position":1,"name":"Accueil","item":"https:\/\/www.afriassure.com\/"},{"@type":"ListItem","position":2,"name":"\u00c9quipe"}]},{"@type":"WebSite","@id":"https:\/\/www.afriassure.com\/#website","url":"https:\/\/www.afriassure.com\/","name":"Afriassure","description":"assurance, Cameroun","publisher":{"@id":"https:\/\/www.afriassure.com\/#organization"},"potentialAction":[{"@type":"SearchAction","target":{"@type":"EntryPoint","urlTemplate":"https:\/\/www.afriassure.com\/?s={search_term_string}"},"query-input":{"@type":"PropertyValueSpecification","valueRequired":true,"valueName":"search_term_string"}}],"inLanguage":"en-US"},{"@type":"Organization","@id":"https:\/\/www.afriassure.com\/#organization","name":"Afriassure","url":"https:\/\/www.afriassure.com\/","logo":{"@type":"ImageObject","inLanguage":"en-US","@id":"https:\/\/www.afriassure.com\/#\/schema\/logo\/image\/","url":"https:\/\/www.afriassure.com\/wp-content\/uploads\/2025\/05\/cropped-logo-afri_page-0001.png","contentUrl":"https:\/\/www.afriassure.com\/wp-content\/uploads\/2025\/05\/cropped-logo-afri_page-0001.png","width":1813,"height":1809,"caption":"Afriassure"},"image":{"@id":"https:\/\/www.afriassure.com\/#\/schema\/logo\/image\/"},"sameAs":["https:\/\/web.facebook.com\/AssuancePourTous\/","https:\/\/www.instagram.com\/afriassure","https:\/\/www.linkedin.com\/company\/afriassure\/","https:\/\/wa.me\/237698484848"]}]}},"_links":{"self":[{"href":"https:\/\/www.afriassure.com\/en\/wp-json\/wp\/v2\/pages\/1080","targetHints":{"allow":["GET"]}}],"collection":[{"href":"https:\/\/www.afriassure.com\/en\/wp-json\/wp\/v2\/pages"}],"about":[{"href":"https:\/\/www.afriassure.com\/en\/wp-json\/wp\/v2\/types\/page"}],"author":[{"embeddable":true,"href":"https:\/\/www.afriassure.com\/en\/wp-json\/wp\/v2\/users\/2"}],"replies":[{"embeddable":true,"href":"https:\/\/www.afriassure.com\/en\/wp-json\/wp\/v2\/comments?post=1080"}],"version-history":[{"count":32,"href":"https:\/\/www.afriassure.com\/en\/wp-json\/wp\/v2\/pages\/1080\/revisions"}],"predecessor-version":[{"id":2048,"href":"https:\/\/www.afriassure.com\/en\/wp-json\/wp\/v2\/pages\/1080\/revisions\/2048"}],"wp:featuredmedia":[{"embeddable":true,"href":"https:\/\/www.afriassure.com\/en\/wp-json\/wp\/v2\/media\/1847"}],"wp:attachment":[{"href":"https:\/\/www.afriassure.com\/en\/wp-json\/wp\/v2\/media?parent=1080"}],"curies":[{"name":"wp","href":"https:\/\/api.w.org\/{rel}","templated":true}]}}